{"id":18,"date":"2022-01-05T21:17:57","date_gmt":"2022-01-05T21:17:57","guid":{"rendered":"https:\/\/codefornoobs.pt\/?page_id=18"},"modified":"2022-01-07T00:01:41","modified_gmt":"2022-01-07T00:01:41","slug":"about","status":"publish","type":"page","link":"https:\/\/codefornoobs.pt\/?page_id=18","title":{"rendered":"Hello World!"},"content":{"rendered":"\n<p>Viva!<\/p>\n\n\n\n<p>Este blog tem como principal objetivo partilhar e documentar algumas das coisas que vou descobrindo e apendendo durante o meu percurso enquando programador. Este espa\u00e7o, foca-se no desenvolvimento .NET e em C#, mas n\u00e3o se deixa ficar por ai. H\u00e1 sempre conte\u00fados que s\u00e3o transversais a qualquer linguagem de programa\u00e7\u00e3o ou Framework. <\/p>\n\n\n\n<p>O nome Code for Noobs surje porque eu acredito que a unica forma de podermos continuar a evoluir, em qualquer assunto, \u00e9 com uma mentalidade noob. Para mim, mentalidade noob \u00e9 reconhecer que nesta \u00e1rea em que uma tecnologia com 2 anos pode ser considerada obsoleta, temos que estar em constante evolu\u00e7\u00e3o, sempre a aprender. Eu pr\u00f3prio assumo-me como um noob com muita vontade de evoluir enquanto programador.<\/p>\n\n\n\n<p>Admito que n\u00e3o tenho uma estrutura, nem uma linha cronol\u00f3gica definida. Quero, essencialmente, escrever sobre os temas que despertam meu interesse. Alguns destes temas s\u00e3o: desenvolvimento de jogos em unity, desenvolvimento de p\u00e1ginas web, desenvolvimento de APIs ou at\u00e9 mesmo formas de escrever c\u00f3digo de forma elegante e f\u00e1cil de entender. <\/p>\n\n\n\n<p>Resumindo, aqui poder\u00e1s encontrar um pouco de tudo desde tutoriais para implementar alguma funcionalidade, sugest\u00f5es ou formas para evoluires enquanto programador ou acompanhar-me enquanto desenvolvo uma aplica\u00e7\u00e3o. <\/p>\n","protected":false},"excerpt":{"rendered":"<p>Viva! Este blog tem como principal objetivo partilhar e documentar algumas das coisas que vou descobrindo e apendendo durante o meu percurso enquando programador. Este espa\u00e7o, foca-se no desenvolvimento .NET e em C#, mas n\u00e3o se deixa ficar por ai. H\u00e1 sempre conte\u00fados que s\u00e3o transversais a qualquer linguagem de programa\u00e7\u00e3o ou Framework. O nome&#8230;<\/p>\n","protected":false},"author":2,"featured_media":0,"parent":0,"menu_order":0,"comment_status":"open","ping_status":"closed","template":"","meta":{"om_disable_all_campaigns":false,"_monsterinsights_skip_tracking":false,"_monsterinsights_sitenote_active":false,"_monsterinsights_sitenote_note":"","_monsterinsights_sitenote_category":0,"footnotes":""},"class_list":["post-18","page","type-page","status-publish","hentry"],"aioseo_notices":[],"_links":{"self":[{"href":"https:\/\/codefornoobs.pt\/index.php?rest_route=\/wp\/v2\/pages\/18","targetHints":{"allow":["GET"]}}],"collection":[{"href":"https:\/\/codefornoobs.pt\/index.php?rest_route=\/wp\/v2\/pages"}],"about":[{"href":"https:\/\/codefornoobs.pt\/index.php?rest_route=\/wp\/v2\/types\/page"}],"author":[{"embeddable":true,"href":"https:\/\/codefornoobs.pt\/index.php?rest_route=\/wp\/v2\/users\/2"}],"replies":[{"embeddable":true,"href":"https:\/\/codefornoobs.pt\/index.php?rest_route=%2Fwp%2Fv2%2Fcomments&post=18"}],"version-history":[{"count":6,"href":"https:\/\/codefornoobs.pt\/index.php?rest_route=\/wp\/v2\/pages\/18\/revisions"}],"predecessor-version":[{"id":93,"href":"https:\/\/codefornoobs.pt\/index.php?rest_route=\/wp\/v2\/pages\/18\/revisions\/93"}],"wp:attachment":[{"href":"https:\/\/codefornoobs.pt\/index.php?rest_route=%2Fwp%2Fv2%2Fmedia&parent=18"}],"curies":[{"name":"wp","href":"https:\/\/api.w.org\/{rel}","templated":true}]}}